{"id":54,"date":"2020-11-25T09:22:36","date_gmt":"2020-11-25T15:22:36","guid":{"rendered":"https:\/\/cocinarygozar.com\/cursos\/?page_id=54"},"modified":"2020-11-26T06:27:57","modified_gmt":"2020-11-26T12:27:57","slug":"usuarios","status":"publish","type":"page","link":"https:\/\/cocinarygozar.com\/cursos\/usuarios\/","title":{"rendered":"Usuarios"},"content":{"rendered":"\t\t<div data-elementor-type=\"wp-page\" data-elementor-id=\"54\" class=\"elementor elementor-54\">\n\t\t\t\t\t\t<div class=\"elementor-inner\">\n\t\t\t\t<div class=\"elementor-section-wrap\">\n\t\t\t\t\t\t\t\t\t<section class=\"elementor-section elementor-top-section elementor-element elementor-element-76bca786 elementor-section-boxed elementor-section-height-default elementor-section-height-default\" data-id=\"76bca786\" data-element_type=\"section\">\n\t\t\t\t\t\t<div class=\"elementor-container elementor-column-gap-default\">\n\t\t\t\t\t\t\t<div class=\"elementor-row\">\n\t\t\t\t\t<div class=\"elementor-column elementor-col-100 elementor-top-column elementor-element elementor-element-58a34080 contenedor-forma\" data-id=\"58a34080\" data-element_type=\"column\">\n\t\t\t<div class=\"elementor-column-wrap elementor-element-populated\">\n\t\t\t\t\t\t\t<div class=\"elementor-widget-wrap\">\n\t\t\t\t\t\t<div class=\"elementor-element elementor-element-3875616f elementor-widget elementor-widget-heading\" data-id=\"3875616f\" data-element_type=\"widget\" data-widget_type=\"heading.default\">\n\t\t\t\t<div class=\"elementor-widget-container\">\n\t\t\t<h1 class=\"elementor-heading-title elementor-size-default\">Acceso a clientes<\/h1>\t\t<\/div>\n\t\t\t\t<\/div>\n\t\t\t\t<div class=\"elementor-element elementor-element-1d6a3d8 elementor-widget elementor-widget-text-editor\" data-id=\"1d6a3d8\" data-element_type=\"widget\" data-widget_type=\"text-editor.default\">\n\t\t\t\t<div class=\"elementor-widget-container\">\n\t\t\t\t\t\t\t\t<div class=\"elementor-text-editor elementor-clearfix\">\n\t\t\t\t<p>Ingresa tu nombre de usuario y contrase\u00f1a para iniciar sesi\u00f3n. Si no recuerdas tu contrase\u00f1a puedes recuperarla haciendo click en el link de abajo.<\/p>\t\t\t\t\t<\/div>\n\t\t\t\t\t\t<\/div>\n\t\t\t\t<\/div>\n\t\t\t\t<div class=\"elementor-element elementor-element-12e31c2c elementor-widget-divider--view-line elementor-widget elementor-widget-divider\" data-id=\"12e31c2c\" data-element_type=\"widget\" data-widget_type=\"divider.default\">\n\t\t\t\t<div class=\"elementor-widget-container\">\n\t\t\t\t\t<div class=\"elementor-divider\">\n\t\t\t<span class=\"elementor-divider-separator\">\n\t\t\t\t\t\t<\/span>\n\t\t<\/div>\n\t\t\t\t<\/div>\n\t\t\t\t<\/div>\n\t\t\t\t<div class=\"elementor-element elementor-element-7156e5e3 elementor-widget elementor-widget-shortcode\" data-id=\"7156e5e3\" data-element_type=\"widget\" data-widget_type=\"shortcode.default\">\n\t\t\t\t<div class=\"elementor-widget-container\">\n\t\t\t\t\t<div class=\"elementor-shortcode\">\n\n\t\n\t<form id=\"rcp_login_form\"  class=\"rcp_form\" method=\"POST\" action=\"https:\/\/cocinarygozar.com\/cursos\/wp-json\/wp\/v2\/pages\/54\/\">\n\n\t\t\n\t\t<fieldset class=\"rcp_login_data\">\n\t\t\t<p>\n\t\t\t\t<label for=\"rcp_user_login\">Nombre de usuario o correo electr\u00f3nico<\/label>\n\t\t\t\t<input name=\"rcp_user_login\" id=\"rcp_user_login\" class=\"required\" type=\"text\"\/>\n\t\t\t<\/p>\n\t\t\t<p>\n\t\t\t\t<label for=\"rcp_user_pass\">Contrase\u00f1a<\/label>\n\t\t\t\t<input name=\"rcp_user_pass\" id=\"rcp_user_pass\" class=\"required\" type=\"password\"\/>\n\t\t\t<\/p>\n\t\t\t\t\t\t<p>\n\t\t\t\t<input type=\"checkbox\" name=\"rcp_user_remember\" id=\"rcp_user_remember\" value=\"1\"\/>\n\t\t\t\t<label for=\"rcp_user_remember\">Recordarme<\/label>\n\t\t\t<\/p>\n\t\t\t<p class=\"rcp_lost_password\"><a href=\"\/cursos\/wp-json\/wp\/v2\/pages\/54?rcp_action=lostpassword\">\u00bfOlvidaste tu contrase\u00f1a?<\/a><\/p>\n\t\t\t<p>\n\t\t\t\t<input type=\"hidden\" name=\"rcp_action\" value=\"login\"\/>\n\t\t\t\t\t\t\t\t\t<input type=\"hidden\" name=\"rcp_redirect\" value=\"https:\/\/cocinarygozar.com\/cursos\/wp-json\/wp\/v2\/pages\/54\/\"\/>\n\t\t\t\t\t\t\t\t<input type=\"hidden\" name=\"rcp_login_nonce\" value=\"de2a74891a\"\/>\n\t\t\t\t<input id=\"rcp_login_submit\" class=\"rcp-button\" type=\"submit\" value=\"Iniciar sesi\u00f3n\"\/>\n\t\t\t<\/p>\n\t\t\t\t\t<\/fieldset>\n\n\t\t\n\t<\/form>\n<\/div>\n\t\t\t\t<\/div>\n\t\t\t\t<\/div>\n\t\t\t\t\t\t<\/div>\n\t\t\t\t\t<\/div>\n\t\t<\/div>\n\t\t\t\t\t\t\t\t<\/div>\n\t\t\t\t\t<\/div>\n\t\t<\/section>\n\t\t\t\t\t\t\t\t\t<\/div>\n\t\t\t<\/div>\n\t\t\t\t\t<\/div>\n\t\t","protected":false},"excerpt":{"rendered":"<p>Acceso a clientes Ingresa tu nombre de usuario y contrase\u00f1a para iniciar sesi\u00f3n. Si no recuerdas tu contrase\u00f1a puedes recuperarla haciendo click en el link de abajo.<\/p>\n","protected":false},"author":1,"featured_media":0,"parent":0,"menu_order":0,"comment_status":"closed","ping_status":"closed","template":"elementor_header_footer","meta":{"inline_featured_image":false},"yoast_head":"<!-- This site is optimized with the Yoast SEO plugin v19.6.1 - https:\/\/yoast.com\/wordpress\/plugins\/seo\/ -->\n<title>Usuarios - Cursos Cocinar y Gozar<\/title>\n<meta name=\"robots\" content=\"index, follow, max-snippet:-1, max-image-preview:large, max-video-preview:-1\" \/>\n<link rel=\"canonical\" href=\"https:\/\/cocinarygozar.com\/cursos\/usuarios\/\" \/>\n<meta property=\"og:locale\" content=\"es_MX\" \/>\n<meta property=\"og:type\" content=\"article\" \/>\n<meta property=\"og:title\" content=\"Usuarios - Cursos Cocinar y Gozar\" \/>\n<meta property=\"og:description\" content=\"Acceso a clientes Ingresa tu nombre de usuario y contrase\u00f1a para iniciar sesi\u00f3n. Si no recuerdas tu contrase\u00f1a puedes recuperarla haciendo click en el link de abajo.\" \/>\n<meta property=\"og:url\" content=\"https:\/\/cocinarygozar.com\/cursos\/usuarios\/\" \/>\n<meta property=\"og:site_name\" content=\"Cursos Cocinar y Gozar\" \/>\n<meta property=\"article:modified_time\" content=\"2020-11-26T12:27:57+00:00\" \/>\n<meta name=\"twitter:card\" content=\"summary_large_image\" \/>\n<script type=\"application\/ld+json\" class=\"yoast-schema-graph\">{\"@context\":\"https:\/\/schema.org\",\"@graph\":[{\"@type\":\"WebPage\",\"@id\":\"https:\/\/cocinarygozar.com\/cursos\/usuarios\/\",\"url\":\"https:\/\/cocinarygozar.com\/cursos\/usuarios\/\",\"name\":\"Usuarios - Cursos Cocinar y Gozar\",\"isPartOf\":{\"@id\":\"https:\/\/cocinarygozar.com\/cursos\/#website\"},\"datePublished\":\"2020-11-25T15:22:36+00:00\",\"dateModified\":\"2020-11-26T12:27:57+00:00\",\"breadcrumb\":{\"@id\":\"https:\/\/cocinarygozar.com\/cursos\/usuarios\/#breadcrumb\"},\"inLanguage\":\"es-MX\",\"potentialAction\":[{\"@type\":\"ReadAction\",\"target\":[\"https:\/\/cocinarygozar.com\/cursos\/usuarios\/\"]}]},{\"@type\":\"BreadcrumbList\",\"@id\":\"https:\/\/cocinarygozar.com\/cursos\/usuarios\/#breadcrumb\",\"itemListElement\":[{\"@type\":\"ListItem\",\"position\":1,\"name\":\"Inicio\",\"item\":\"https:\/\/cocinarygozar.com\/cursos\/\"},{\"@type\":\"ListItem\",\"position\":2,\"name\":\"Usuarios\"}]},{\"@type\":\"WebSite\",\"@id\":\"https:\/\/cocinarygozar.com\/cursos\/#website\",\"url\":\"https:\/\/cocinarygozar.com\/cursos\/\",\"name\":\"Cursos Cocinar y Gozar\",\"description\":\"\",\"potentialAction\":[{\"@type\":\"SearchAction\",\"target\":{\"@type\":\"EntryPoint\",\"urlTemplate\":\"https:\/\/cocinarygozar.com\/cursos\/?s={search_term_string}\"},\"query-input\":\"required name=search_term_string\"}],\"inLanguage\":\"es-MX\"}]}<\/script>\n<!-- \/ Yoast SEO plugin. -->","yoast_head_json":{"title":"Usuarios - Cursos Cocinar y Gozar","robots":{"index":"index","follow":"follow","max-snippet":"max-snippet:-1","max-image-preview":"max-image-preview:large","max-video-preview":"max-video-preview:-1"},"canonical":"https:\/\/cocinarygozar.com\/cursos\/usuarios\/","og_locale":"es_MX","og_type":"article","og_title":"Usuarios - Cursos Cocinar y Gozar","og_description":"Acceso a clientes Ingresa tu nombre de usuario y contrase\u00f1a para iniciar sesi\u00f3n. Si no recuerdas tu contrase\u00f1a puedes recuperarla haciendo click en el link de abajo.","og_url":"https:\/\/cocinarygozar.com\/cursos\/usuarios\/","og_site_name":"Cursos Cocinar y Gozar","article_modified_time":"2020-11-26T12:27:57+00:00","twitter_card":"summary_large_image","schema":{"@context":"https:\/\/schema.org","@graph":[{"@type":"WebPage","@id":"https:\/\/cocinarygozar.com\/cursos\/usuarios\/","url":"https:\/\/cocinarygozar.com\/cursos\/usuarios\/","name":"Usuarios - Cursos Cocinar y Gozar","isPartOf":{"@id":"https:\/\/cocinarygozar.com\/cursos\/#website"},"datePublished":"2020-11-25T15:22:36+00:00","dateModified":"2020-11-26T12:27:57+00:00","breadcrumb":{"@id":"https:\/\/cocinarygozar.com\/cursos\/usuarios\/#breadcrumb"},"inLanguage":"es-MX","potentialAction":[{"@type":"ReadAction","target":["https:\/\/cocinarygozar.com\/cursos\/usuarios\/"]}]},{"@type":"BreadcrumbList","@id":"https:\/\/cocinarygozar.com\/cursos\/usuarios\/#breadcrumb","itemListElement":[{"@type":"ListItem","position":1,"name":"Inicio","item":"https:\/\/cocinarygozar.com\/cursos\/"},{"@type":"ListItem","position":2,"name":"Usuarios"}]},{"@type":"WebSite","@id":"https:\/\/cocinarygozar.com\/cursos\/#website","url":"https:\/\/cocinarygozar.com\/cursos\/","name":"Cursos Cocinar y Gozar","description":"","potentialAction":[{"@type":"SearchAction","target":{"@type":"EntryPoint","urlTemplate":"https:\/\/cocinarygozar.com\/cursos\/?s={search_term_string}"},"query-input":"required name=search_term_string"}],"inLanguage":"es-MX"}]}},"_links":{"self":[{"href":"https:\/\/cocinarygozar.com\/cursos\/wp-json\/wp\/v2\/pages\/54"}],"collection":[{"href":"https:\/\/cocinarygozar.com\/cursos\/wp-json\/wp\/v2\/pages"}],"about":[{"href":"https:\/\/cocinarygozar.com\/cursos\/wp-json\/wp\/v2\/types\/page"}],"author":[{"embeddable":true,"href":"https:\/\/cocinarygozar.com\/cursos\/wp-json\/wp\/v2\/users\/1"}],"replies":[{"embeddable":true,"href":"https:\/\/cocinarygozar.com\/cursos\/wp-json\/wp\/v2\/comments?post=54"}],"version-history":[{"count":16,"href":"https:\/\/cocinarygozar.com\/cursos\/wp-json\/wp\/v2\/pages\/54\/revisions"}],"predecessor-version":[{"id":356,"href":"https:\/\/cocinarygozar.com\/cursos\/wp-json\/wp\/v2\/pages\/54\/revisions\/356"}],"wp:attachment":[{"href":"https:\/\/cocinarygozar.com\/cursos\/wp-json\/wp\/v2\/media?parent=54"}],"curies":[{"name":"wp","href":"https:\/\/api.w.org\/{rel}","templated":true}]}}